{"id":37,"date":"2023-12-27T18:27:42","date_gmt":"2023-12-27T17:27:42","guid":{"rendered":"https:\/\/bectriathlon.fr\/?page_id=37"},"modified":"2025-09-21T19:33:27","modified_gmt":"2025-09-21T17:33:27","slug":"club-triathlon-bordeaux","status":"publish","type":"page","link":"https:\/\/bectriathlon.fr\/index.php\/club-triathlon-bordeaux\/","title":{"rendered":"Rejoignez notre club"},"content":{"rendered":"\n<div class=\"wp-block-group alignfull has-accent-background-color has-background has-global-padding is-layout-constrained wp-container-core-group-is-layout-669513ed wp-block-group-is-layout-constrained\" style=\"margin-top:0;margin-bottom:0;padding-top:var(--wp--preset--spacing--50);padding-right:var(--wp--preset--spacing--50);padding-bottom:var(--wp--preset--spacing--50);padding-left:var(--wp--preset--spacing--50)\">\n<div class=\"wp-block-columns alignwide is-layout-flex wp-container-core-columns-is-layout-1da03c2a wp-block-columns-is-layout-flex\">\n<div class=\"wp-block-column is-vertically-aligned-stretch is-layout-flow wp-block-column-is-layout-flow\" style=\"flex-basis:50%\">\n<div class=\"wp-block-group is-vertical is-content-justification-stretch is-layout-flex wp-container-core-group-is-layout-444d5ee8 wp-block-group-is-layout-flex\" style=\"min-height:100%\">\n<p class=\"has-heading-font-family has-x-large-font-size\" style=\"line-height:1.2\">Vous souhaitez rejoindre nos athl\u00e8tes pour la saison sportive 2025\/2026? N&#8217;h\u00e9sitez pas \u00e0 nous contacter pour discuter de votre projet sportif<\/p>\n\n\n\n<div class=\"wp-block-group has-global-padding is-content-justification-left is-layout-constrained wp-container-core-group-is-layout-9fe8ed88 wp-block-group-is-layout-constrained\">\n<p>Un certificat m\u00e9dical d\u2019aptitude \u00e0 la pratique du triathlon en comp\u00e9tition vous sera n\u00e9cessaire pour vous inscrire au Bec Triathlon.<\/p>\n\n\n\n<p>Avoir un minimum d&#8217;exp\u00e9rience dans les 3 disciplines est requis:<\/p>\n\n\n\n<ul class=\"wp-block-list\">\n<li>Attestation 400m nage libre<\/li>\n\n\n\n<li>Disposer d&#8217;un v\u00e9lo de course<\/li>\n\n\n\n<li>Avoir id\u00e9alement particip\u00e9 \u00e0 un triathlon d\u00e9couverte (ou XS)<\/li>\n<\/ul>\n\n\n\n<h3 class=\"wp-block-heading\">Tarifs saison 2026<\/h3>\n\n\n\n<p>Licence adulte : 145\u20ac (d\u00e9tail licence FFRI 98\u20ac + 47\u20ac Bec Tri et Omnisport BEC)<\/p>\n\n\n\n<h3 class=\"wp-block-heading\">Infos Club<\/h3>\n\n\n\n<p><strong>Pr\u00e9sident<\/strong>&nbsp;: Laurent Meyer<\/p>\n\n\n\n<p><strong>Vice Pr\u00e9sidente :<\/strong> \u00c9l\u00e9onore Milhat<\/p>\n\n\n\n<p><strong>Tr\u00e9sorier<\/strong>&nbsp;: Gilles Conqueret<\/p>\n\n\n\n<p><strong>Secr\u00e9taire:<\/strong> St\u00e9phane Del\u00e9glise<\/p>\n\n\n\n<div class=\"wp-block-buttons is-layout-flex wp-block-buttons-is-layout-flex\">\n<div class=\"wp-block-button\"><a class=\"wp-block-button__link wp-element-button\">contact: bureau [at] bectriathlon.fr<\/a><\/div>\n<\/div>\n<\/div>\n<\/div>\n<\/div>\n\n\n\n<div class=\"wp-block-column is-vertically-aligned-center is-layout-flow wp-block-column-is-layout-flow\" style=\"flex-basis:50%\">\n<figure class=\"wp-block-image size-large is-style-rounded is-style-rounded--1\"><img loading=\"lazy\" decoding=\"async\" width=\"731\" height=\"1024\" src=\"https:\/\/bectriathlon.fr\/wp-content\/uploads\/2024\/06\/Bec-triathlon-hendaye-731x1024.jpg\" alt=\"\" class=\"wp-image-154\" style=\"aspect-ratio:3\/4;object-fit:cover\" srcset=\"https:\/\/bectriathlon.fr\/wp-content\/uploads\/2024\/06\/Bec-triathlon-hendaye-731x1024.jpg 731w, https:\/\/bectriathlon.fr\/wp-content\/uploads\/2024\/06\/Bec-triathlon-hendaye-214x300.jpg 214w, https:\/\/bectriathlon.fr\/wp-content\/uploads\/2024\/06\/Bec-triathlon-hendaye-768x1075.jpg 768w, https:\/\/bectriathlon.fr\/wp-content\/uploads\/2024\/06\/Bec-triathlon-hendaye-1097x1536.jpg 1097w, https:\/\/bectriathlon.fr\/wp-content\/uploads\/2024\/06\/Bec-triathlon-hendaye-1463x2048.jpg 1463w, https:\/\/bectriathlon.fr\/wp-content\/uploads\/2024\/06\/Bec-triathlon-hendaye-scaled.jpg 1828w\" sizes=\"auto, (max-width: 731px) 100vw, 731px\" \/><\/figure>\n<\/div>\n<\/div>\n<\/div>\n\n\n\n<div class=\"wp-block-group alignfull has-base-background-color has-background has-global-padding is-layout-constrained wp-container-core-group-is-layout-d89aad35 wp-block-group-is-layout-constrained\" style=\"margin-top:0;margin-bottom:0;padding-top:var(--wp--preset--spacing--50);padding-right:var(--wp--preset--spacing--50);padding-bottom:var(--wp--preset--spacing--50);padding-left:var(--wp--preset--spacing--50)\">\n<div class=\"wp-block-columns alignwide is-layout-flex wp-container-core-columns-is-layout-549b0c86 wp-block-columns-is-layout-flex\">\n<div class=\"wp-block-column has-global-padding is-content-justification-left is-layout-constrained wp-container-core-column-is-layout-4f15e8fe wp-block-column-is-layout-constrained\" style=\"flex-basis:40%\">\n<p>Nos entrainements <\/p>\n\n\n\n<p>NAGER, ROULER, COURIR et bien plus encore !<\/p>\n\n\n\n<figure class=\"wp-block-image size-large is-resized\"><img loading=\"lazy\" decoding=\"async\" width=\"1024\" height=\"768\" src=\"https:\/\/bectriathlon.fr\/wp-content\/uploads\/2024\/06\/447967561_10159951819803021_4199628835936869340_n-1024x768.jpg\" alt=\"\" class=\"wp-image-135\" style=\"width:371px;height:auto\" srcset=\"https:\/\/bectriathlon.fr\/wp-content\/uploads\/2024\/06\/447967561_10159951819803021_4199628835936869340_n-1024x768.jpg 1024w, https:\/\/bectriathlon.fr\/wp-content\/uploads\/2024\/06\/447967561_10159951819803021_4199628835936869340_n-300x225.jpg 300w, https:\/\/bectriathlon.fr\/wp-content\/uploads\/2024\/06\/447967561_10159951819803021_4199628835936869340_n-768x576.jpg 768w, https:\/\/bectriathlon.fr\/wp-content\/uploads\/2024\/06\/447967561_10159951819803021_4199628835936869340_n-1536x1152.jpg 1536w, https:\/\/bectriathlon.fr\/wp-content\/uploads\/2024\/06\/447967561_10159951819803021_4199628835936869340_n.jpg 2048w\" sizes=\"auto, (max-width: 1024px) 100vw, 1024px\" \/><\/figure>\n<\/div>\n\n\n\n<div class=\"wp-block-column is-layout-flow wp-container-core-column-is-layout-119bc444 wp-block-column-is-layout-flow\" style=\"flex-basis:60%\">\n<p class=\"has-heading-font-family has-x-large-font-size\" style=\"line-height:1.2\">Nous proposons des sessions entrainements dans les 3 disciplines<\/p>\n\n\n\n<div class=\"wp-block-columns is-layout-flex wp-container-core-columns-is-layout-87beb0d0 wp-block-columns-is-layout-flex\">\n<div class=\"wp-block-column is-layout-flow wp-block-column-is-layout-flow\">\n<p class=\"wp-container-content-9cfa9a5a\">Sorties V\u00e9lo de route les Dimanches matin \u00e0 9h30 en p\u00e9riode hivernale \/ 9H p\u00e9riode estivale. Alternance Bordeaux Rive Droite et Rive Gauche pour travail de c\u00f4tes, endurance, vitesse, travail sp\u00e9cifique course<\/p>\n\n\n\n<p>Natation les mercredis soir \u00e0 Thouars. <\/p>\n<\/div>\n\n\n\n<div class=\"wp-block-column is-layout-flow wp-block-column-is-layout-flow\">\n<p>Course \u00e0 pied ou Trail les mercredis et samedis. Rdv propos\u00e9s \u00e0 la carte sur les diverses installations de la CUB mais aussi sorties trail<\/p>\n\n\n\n<p>Pour le Raid et Swimrun: stages sp\u00e9cifiques propos\u00e9s les weekends<\/p>\n<\/div>\n<\/div>\n<\/div>\n<\/div>\n<\/div>\n\n\n\n<div class=\"wp-block-group alignfull has-accent-5-background-color has-background has-global-padding is-layout-constrained wp-container-core-group-is-layout-d89aad35 wp-block-group-is-layout-constrained\" style=\"margin-top:0;margin-bottom:0;padding-top:var(--wp--preset--spacing--50);padding-right:var(--wp--preset--spacing--50);padding-bottom:var(--wp--preset--spacing--50);padding-left:var(--wp--preset--spacing--50)\">\n<div class=\"wp-block-columns alignwide is-layout-flex wp-container-core-columns-is-layout-1da03c2a wp-block-columns-is-layout-flex\">\n<div class=\"wp-block-column is-vertically-aligned-center is-layout-flow wp-block-column-is-layout-flow\" style=\"flex-basis:60%\">\n<figure class=\"wp-block-image size-full is-style-rounded wp-duotone-duotone-1 is-style-rounded--2\"><img loading=\"lazy\" decoding=\"async\" width=\"1105\" height=\"619\" src=\"https:\/\/bectriathlon.fr\/wp-content\/uploads\/2023\/12\/triathlon.webp\" alt=\"\" class=\"wp-image-52\" style=\"aspect-ratio:4\/3;object-fit:cover\" srcset=\"https:\/\/bectriathlon.fr\/wp-content\/uploads\/2023\/12\/triathlon.webp 1105w, https:\/\/bectriathlon.fr\/wp-content\/uploads\/2023\/12\/triathlon-300x168.webp 300w, https:\/\/bectriathlon.fr\/wp-content\/uploads\/2023\/12\/triathlon-1024x574.webp 1024w, https:\/\/bectriathlon.fr\/wp-content\/uploads\/2023\/12\/triathlon-768x430.webp 768w\" sizes=\"auto, (max-width: 1105px) 100vw, 1105px\" \/><\/figure>\n<\/div>\n\n\n\n<div class=\"wp-block-column is-layout-flow wp-block-column-is-layout-flow\" style=\"flex-basis:40%\">\n<h2 class=\"wp-block-heading\">Sponsoring et Partenariat<br><\/h2>\n\n\n\n<p>Vous souhaitez accompagner nos athl\u00e8tes du BEC TRIATHLON tout au long de la saison sportive, ou nous apporter votre aide pour l&#8217;organisation de nos manifestations ? N&#8217;h\u00e9siter pas \u00e0 nous contacter pour en discuter !<\/p>\n\n\n\n<div class=\"wp-block-buttons is-layout-flex wp-block-buttons-is-layout-flex\">\n<div class=\"wp-block-button\"><a class=\"wp-block-button__link wp-element-button\">contact: bureau [at] bectriathlon.fr<\/a><\/div>\n<\/div>\n<\/div>\n<\/div>\n<\/div>\n\n\n\n<div class=\"wp-block-group alignfull has-global-padding is-layout-constrained wp-container-core-group-is-layout-669513ed wp-block-group-is-layout-constrained\" style=\"margin-top:0;margin-bottom:0;padding-top:var(--wp--preset--spacing--50);padding-right:var(--wp--preset--spacing--50);padding-bottom:var(--wp--preset--spacing--50);padding-left:var(--wp--preset--spacing--50)\">\n<div class=\"wp-block-group is-vertical is-content-justification-center is-layout-flex wp-container-core-group-is-layout-ce155fab wp-block-group-is-layout-flex\">\n<h2 class=\"wp-block-heading has-text-align-center has-xx-large-font-size\">Le Bureau du Bec Triathlon<\/h2>\n\n\n\n<p class=\"has-text-align-center\">D\u00e9couvrez les membres de notre \u00e9quipe<\/p>\n<\/div>\n\n\n\n<div style=\"height:var(--wp--preset--spacing--30)\" aria-hidden=\"true\" class=\"wp-block-spacer\"><\/div>\n\n\n\n<div class=\"wp-block-columns alignwide is-layout-flex wp-container-core-columns-is-layout-4935966c wp-block-columns-is-layout-flex\" style=\"padding-right:0;padding-left:0\">\n<div class=\"wp-block-column is-layout-flow wp-block-column-is-layout-flow\">\n<figure class=\"wp-block-image size-full is-style-rounded is-style-rounded--3\"><img loading=\"lazy\" decoding=\"async\" width=\"1329\" height=\"1465\" src=\"https:\/\/bectriathlon.fr\/wp-content\/uploads\/2025\/09\/IMG-20250920-WA0000.jpg\" alt=\"\" class=\"wp-image-192\" style=\"aspect-ratio:1;object-fit:cover\" srcset=\"https:\/\/bectriathlon.fr\/wp-content\/uploads\/2025\/09\/IMG-20250920-WA0000.jpg 1329w, https:\/\/bectriathlon.fr\/wp-content\/uploads\/2025\/09\/IMG-20250920-WA0000-272x300.jpg 272w, https:\/\/bectriathlon.fr\/wp-content\/uploads\/2025\/09\/IMG-20250920-WA0000-929x1024.jpg 929w, https:\/\/bectriathlon.fr\/wp-content\/uploads\/2025\/09\/IMG-20250920-WA0000-768x847.jpg 768w\" sizes=\"auto, (max-width: 1329px) 100vw, 1329px\" \/><\/figure>\n\n\n\n<div class=\"wp-block-group is-vertical is-content-justification-center is-nowrap is-layout-flex wp-container-core-group-is-layout-21d4e958 wp-block-group-is-layout-flex\">\n<p class=\"has-text-align-center has-small-font-size\"><strong>Laurent Meyer<\/strong><\/p>\n\n\n\n<p class=\"has-text-align-center has-small-font-size\">Pr\u00e9sident<\/p>\n<\/div>\n<\/div>\n\n\n\n<div class=\"wp-block-column is-layout-flow wp-block-column-is-layout-flow\">\n<figure class=\"wp-block-image size-full is-style-rounded is-style-rounded--4\"><img loading=\"lazy\" decoding=\"async\" width=\"720\" height=\"724\" src=\"https:\/\/bectriathlon.fr\/wp-content\/uploads\/2024\/06\/Bec-triathlon-Eleonore.jpg\" alt=\"\" class=\"wp-image-142\" style=\"aspect-ratio:1;object-fit:cover\" srcset=\"https:\/\/bectriathlon.fr\/wp-content\/uploads\/2024\/06\/Bec-triathlon-Eleonore.jpg 720w, https:\/\/bectriathlon.fr\/wp-content\/uploads\/2024\/06\/Bec-triathlon-Eleonore-298x300.jpg 298w, https:\/\/bectriathlon.fr\/wp-content\/uploads\/2024\/06\/Bec-triathlon-Eleonore-150x150.jpg 150w\" sizes=\"auto, (max-width: 720px) 100vw, 720px\" \/><\/figure>\n\n\n\n<div class=\"wp-block-group is-vertical is-content-justification-center is-nowrap is-layout-flex wp-container-core-group-is-layout-63bfd6c1 wp-block-group-is-layout-flex\">\n<p class=\"has-text-align-center has-small-font-size\"> <strong>\u00c9l\u00e9onore Milhat <\/strong><\/p>\n\n\n\n<p class=\"has-text-align-center has-small-font-size\">Vice Pr\u00e9sidente<\/p>\n<\/div>\n<\/div>\n\n\n\n<div class=\"wp-block-column is-layout-flow wp-block-column-is-layout-flow\">\n<figure class=\"wp-block-image size-full is-style-rounded is-style-rounded--5\"><img loading=\"lazy\" decoding=\"async\" width=\"720\" height=\"724\" src=\"https:\/\/bectriathlon.fr\/wp-content\/uploads\/2024\/05\/Gilles-Tresorier.jpg\" alt=\"\" class=\"wp-image-123\" style=\"aspect-ratio:1;object-fit:cover\" srcset=\"https:\/\/bectriathlon.fr\/wp-content\/uploads\/2024\/05\/Gilles-Tresorier.jpg 720w, https:\/\/bectriathlon.fr\/wp-content\/uploads\/2024\/05\/Gilles-Tresorier-298x300.jpg 298w, https:\/\/bectriathlon.fr\/wp-content\/uploads\/2024\/05\/Gilles-Tresorier-150x150.jpg 150w\" sizes=\"auto, (max-width: 720px) 100vw, 720px\" \/><\/figure>\n\n\n\n<div class=\"wp-block-group is-vertical is-content-justification-center is-nowrap is-layout-flex wp-container-core-group-is-layout-63bfd6c1 wp-block-group-is-layout-flex\">\n<p class=\"has-text-align-center has-small-font-size\"><strong>Gilles Conqueret<\/strong><\/p>\n\n\n\n<p class=\"has-text-align-center has-small-font-size\">Tr\u00e9sorier<\/p>\n<\/div>\n<\/div>\n\n\n\n<div class=\"wp-block-column is-layout-flow wp-block-column-is-layout-flow\">\n<figure class=\"wp-block-image size-full is-style-rounded is-style-rounded--6\"><img loading=\"lazy\" decoding=\"async\" width=\"2560\" height=\"1706\" src=\"https:\/\/bectriathlon.fr\/wp-content\/uploads\/2024\/05\/24-H-A-Frenchman-XXL-16995-1-scaled.jpeg\" alt=\"\" class=\"wp-image-128\" style=\"aspect-ratio:1;object-fit:cover\" srcset=\"https:\/\/bectriathlon.fr\/wp-content\/uploads\/2024\/05\/24-H-A-Frenchman-XXL-16995-1-scaled.jpeg 2560w, https:\/\/bectriathlon.fr\/wp-content\/uploads\/2024\/05\/24-H-A-Frenchman-XXL-16995-1-300x200.jpeg 300w, https:\/\/bectriathlon.fr\/wp-content\/uploads\/2024\/05\/24-H-A-Frenchman-XXL-16995-1-1024x683.jpeg 1024w, https:\/\/bectriathlon.fr\/wp-content\/uploads\/2024\/05\/24-H-A-Frenchman-XXL-16995-1-768x512.jpeg 768w, https:\/\/bectriathlon.fr\/wp-content\/uploads\/2024\/05\/24-H-A-Frenchman-XXL-16995-1-1536x1024.jpeg 1536w, https:\/\/bectriathlon.fr\/wp-content\/uploads\/2024\/05\/24-H-A-Frenchman-XXL-16995-1-2048x1365.jpeg 2048w\" sizes=\"auto, (max-width: 2560px) 100vw, 2560px\" \/><\/figure>\n\n\n\n<div class=\"wp-block-group is-vertical is-content-justification-center is-nowrap is-layout-flex wp-container-core-group-is-layout-21d4e958 wp-block-group-is-layout-flex\">\n<p class=\"has-text-align-center has-small-font-size\"><strong>St\u00e9phane Del\u00e9glise<\/strong><\/p>\n\n\n\n<p class=\"has-text-align-center has-small-font-size\">Secr\u00e9taire<\/p>\n<\/div>\n<\/div>\n<\/div>\n<\/div>\n\n\n\n<div class=\"wp-block-group alignfull has-global-padding is-layout-constrained wp-container-core-group-is-layout-d89aad35 wp-block-group-is-layout-constrained\" style=\"margin-top:0;margin-bottom:0;padding-top:var(--wp--preset--spacing--50);padding-right:var(--wp--preset--spacing--50);padding-bottom:var(--wp--preset--spacing--50);padding-left:var(--wp--preset--spacing--50)\">\n<div class=\"wp-block-group alignwide has-base-2-background-color has-background is-layout-flow wp-block-group-is-layout-flow\" style=\"border-radius:16px;padding-top:var(--wp--preset--spacing--50);padding-right:var(--wp--preset--spacing--50);padding-bottom:var(--wp--preset--spacing--50);padding-left:var(--wp--preset--spacing--50)\">\n<p class=\"has-text-align-center\">We\u2019ve worked with some of the best companies.<\/p>\n\n\n\n<div style=\"height:var(--wp--preset--spacing--10)\" aria-hidden=\"true\" class=\"wp-block-spacer\"><\/div>\n\n\n\n<div class=\"wp-block-group alignwide is-content-justification-center is-layout-flex wp-container-core-group-is-layout-f95ffa09 wp-block-group-is-layout-flex\" style=\"padding-top:0;padding-right:0;padding-bottom:0;padding-left:0\">\n\n\n\n\n\n\n\n<\/div>\n<\/div>\n<\/div>\n\n\n\n<div class=\"wp-block-group alignfull has-base-color has-contrast-background-color has-text-color has-background has-link-color wp-elements-9f5c7666414079646ab98f0fd6537f55 has-global-padding is-layout-constrained wp-container-core-group-is-layout-d89aad35 wp-block-group-is-layout-constrained\" style=\"margin-top:0;margin-bottom:0;padding-top:var(--wp--preset--spacing--50);padding-right:var(--wp--preset--spacing--50);padding-bottom:var(--wp--preset--spacing--50);padding-left:var(--wp--preset--spacing--50)\">\n<h2 class=\"wp-block-heading alignwide has-base-color has-text-color has-link-color wp-elements-961120e30645e03a629938c532f241fe\" style=\"font-size:clamp(4.509rem, 4.509rem + ((1vw - 0.2rem) * 9.152), 10rem);letter-spacing:-0.02em\">FAQ<\/h2>\n\n\n\n<div class=\"wp-block-group alignwide is-layout-flow wp-block-group-is-layout-flow\">\n<hr class=\"wp-block-separator has-text-color has-base-color has-alpha-channel-opacity has-base-background-color has-background is-style-wide\"\/>\n\n\n\n<details class=\"wp-block-details is-style-arrow-icon-details has-medium-font-size is-layout-flow wp-block-details-is-layout-flow\" style=\"border-top-style:none;border-top-width:0px;border-right-style:none;border-right-width:0px;border-bottom-color:var(--wp--preset--color--base);border-bottom-style:solid;border-bottom-width:1px;border-left-style:none;border-left-width:0px;margin-top:0\"><summary>Qu&#8217;est-ce qu&#8217;un triathlon Ironman<\/summary>\n<p>Un triathlon Ironman est une \u00e9preuve d&#8217;endurance qui combine trois disciplines sportives : la natation, le cyclisme et la course \u00e0 pied. Cette comp\u00e9tition est connue pour ses distances extr\u00eamement exigeantes, en particulier par rapport aux triathlons de distances plus courtes.<\/p>\n\n\n\n<p>Les distances standards pour un triathlon Ironman sont les suivantes :<\/p>\n\n\n\n<ol class=\"wp-block-list\">\n<li><strong>Natation :<\/strong> 3,86 kilom\u00e8tres (2,4 miles)<\/li>\n\n\n\n<li><strong>Cyclisme :<\/strong> 180,25 kilom\u00e8tres (112 miles)<\/li>\n\n\n\n<li><strong>Course \u00e0 pied :<\/strong> 42,20 kilom\u00e8tres (26,2 miles)<\/li>\n<\/ol>\n<\/details>\n\n\n\n<details class=\"wp-block-details is-style-arrow-icon-details has-medium-font-size is-layout-flow wp-block-details-is-layout-flow\" style=\"border-top-style:none;border-top-width:0px;border-right-style:none;border-right-width:0px;border-bottom-color:var(--wp--preset--color--base);border-bottom-style:solid;border-bottom-width:1px;border-left-style:none;border-left-width:0px;margin-top:0\"><summary>O\u00f9 retrouver les comp\u00e9titions de triathlon en France<\/summary>\n<p class=\"has-contrast-1-color has-text-color has-link-color wp-elements-6b2a8d26f872b2c7d320827a54e8e0bc\">Vous pouvez retrouver l&#8217;ensemble des comp\u00e9titions sur le site de la FFTRI: https:\/\/fftri.t2area.com\/calendrier.html<\/p>\n<\/details>\n\n\n\n<div style=\"margin-top:var(--wp--preset--spacing--10);margin-bottom:0;height:var(--wp--preset--spacing--10)\" aria-hidden=\"true\" class=\"wp-block-spacer\"><\/div>\n<\/div>\n<\/div>\n\n\n\n<div class=\"wp-block-group alignfull has-global-padding is-layout-constrained wp-container-core-group-is-layout-d89aad35 wp-block-group-is-layout-constrained\" style=\"margin-top:0;margin-bottom:0;padding-top:var(--wp--preset--spacing--50);padding-right:var(--wp--preset--spacing--50);padding-bottom:var(--wp--preset--spacing--50);padding-left:var(--wp--preset--spacing--50)\"><\/div>\n","protected":false},"excerpt":{"rendered":"<p>Vous souhaitez rejoindre nos athl\u00e8tes pour la saison sportive 2025\/2026? N&#8217;h\u00e9sitez pas \u00e0 nous contacter pour discuter de votre projet sportif Un certificat m\u00e9dical d\u2019aptitude \u00e0 la pratique du triathlon en comp\u00e9tition vous sera n\u00e9cessaire pour vous inscrire au Bec Triathlon. Avoir un minimum d&#8217;exp\u00e9rience dans les 3 disciplines est requis: Tarifs saison 2026 Licence [&hellip;]<\/p>\n","protected":false},"author":1,"featured_media":0,"parent":0,"menu_order":0,"comment_status":"closed","ping_status":"closed","template":"","meta":{"footnotes":""},"class_list":["post-37","page","type-page","status-publish","hentry"],"_links":{"self":[{"href":"https:\/\/bectriathlon.fr\/index.php\/wp-json\/wp\/v2\/pages\/37","targetHints":{"allow":["GET"]}}],"collection":[{"href":"https:\/\/bectriathlon.fr\/index.php\/wp-json\/wp\/v2\/pages"}],"about":[{"href":"https:\/\/bectriathlon.fr\/index.php\/wp-json\/wp\/v2\/types\/page"}],"author":[{"embeddable":true,"href":"https:\/\/bectriathlon.fr\/index.php\/wp-json\/wp\/v2\/users\/1"}],"replies":[{"embeddable":true,"href":"https:\/\/bectriathlon.fr\/index.php\/wp-json\/wp\/v2\/comments?post=37"}],"version-history":[{"count":26,"href":"https:\/\/bectriathlon.fr\/index.php\/wp-json\/wp\/v2\/pages\/37\/revisions"}],"predecessor-version":[{"id":193,"href":"https:\/\/bectriathlon.fr\/index.php\/wp-json\/wp\/v2\/pages\/37\/revisions\/193"}],"wp:attachment":[{"href":"https:\/\/bectriathlon.fr\/index.php\/wp-json\/wp\/v2\/media?parent=37"}],"curies":[{"name":"wp","href":"https:\/\/api.w.org\/{rel}","templated":true}]}}